{"id":1353,"date":"2020-06-16T13:12:15","date_gmt":"2020-06-16T13:12:15","guid":{"rendered":"https:\/\/casadasaguarelas.pt\/contacts\/"},"modified":"2025-04-01T17:31:06","modified_gmt":"2025-04-01T17:31:06","slug":"contacts","status":"publish","type":"page","link":"https:\/\/casadasaguarelas.pt\/en\/contacts\/","title":{"rendered":"Contacts"},"content":{"rendered":"<!--themify_builder_content-->\n<div id=\"themify_builder_content-1353\" data-postid=\"1353\" class=\"themify_builder_content themify_builder_content-1353 themify_builder tf_clear\">\n    \t<!-- module_row -->\n\t<div  data-css_id=\"b9pv488\" data-lazy=\"1\" class=\"module_row themify_builder_row fullcover fullwidth tb_b9pv488 tb_first tf_clearfix\" >\n\t    <div class=\"tf_abs builder_row_cover\"><\/div>\t\t<div class=\"row_inner col_align_top tf_box tf_w tf_rel\">\n\t\t\t<div  data-lazy=\"1\" class=\"module_column tb-column col-full first tb_lt8l490 tf_box\">\n\t    \t    \t        <div class=\"tb-column-inner tf_box tf_w\">\n\t\t    <!-- module fancy heading -->\n<div  class=\"module module-fancy-heading tb_qsly491  tb_hide_divider\" data-lazy=\"1\">\n        <h1 class=\"fancy-heading\">\n    <span  class=\"main-head tf_block\">\n\t\t\t\t\tContacts\t\t    <\/span>\n    <span class=\"sub-head tf_block tf_rel\">\n\t\t\t\t\t\t\t    <\/span>\n    <\/h1>\n<\/div>\n<!-- \/module fancy heading -->\n\t        <\/div>\n\t    \t<\/div>\n\t\t    <\/div>\n\t    <!-- \/row_inner -->\n\t<\/div>\n\t<!-- \/module_row -->\n\t\t<!-- module_row -->\n\t<div  data-lazy=\"1\" class=\"module_row themify_builder_row tb_8qa4488 tf_clearfix\" >\n\t    \t\t<div class=\"row_inner col_align_top tf_box tf_w tf_rel\">\n\t\t\t<div  data-lazy=\"1\" class=\"module_column tb-column col4-2 first tb_5g4x492 tf_box\">\n\t    \t    \t        <div class=\"tb-column-inner tf_box tf_w\">\n\t\t    <!-- module fancy heading -->\n<div  class=\"module module-fancy-heading tb_nxyv742 \" data-lazy=\"1\">\n        <h3 class=\"fancy-heading\">\n    <span  class=\"main-head tf_block\">\n\t\t\t\t\tAddress\t\t    <\/span>\n    <span class=\"sub-head tf_block tf_rel\">\n\t\t\t\t\t\t\t    <\/span>\n    <\/h3>\n<\/div>\n<!-- \/module fancy heading -->\n<!-- module plain text -->\n<div  class=\"module module-plain-text tb_s3o1314 \" data-lazy=\"1\">\n        <div class=\"tb_text_wrap\">\n\t<p>Travessa do Honrado, n\u00ba1, 2655-290 Ericeira<\/p>    <\/div>\n<\/div>\n<!-- \/module plain text --><!-- module fancy heading -->\n<div  class=\"module module-fancy-heading tb_7bli341 \" data-lazy=\"1\">\n        <h3 class=\"fancy-heading\">\n    <span  class=\"main-head tf_block\">\n\t\t\t\t\tReception hours\t\t    <\/span>\n    <span class=\"sub-head tf_block tf_rel\">\n\t\t\t\t\t\t\t    <\/span>\n    <\/h3>\n<\/div>\n<!-- \/module fancy heading -->\n<!-- module plain text -->\n<div  class=\"module module-plain-text tb_dydy620 \" data-lazy=\"1\">\n        <div class=\"tb_text_wrap\">\n\t<p>10:00 &#8211; 19:00<\/p>    <\/div>\n<\/div>\n<!-- \/module plain text --><!-- module fancy heading -->\n<div  class=\"module module-fancy-heading tb_s903805 \" data-lazy=\"1\">\n        <h3 class=\"fancy-heading\">\n    <span  class=\"main-head tf_block\">\n\t\t\t\t\tPhone\t\t    <\/span>\n    <span class=\"sub-head tf_block tf_rel\">\n\t\t\t\t\t\t\t    <\/span>\n    <\/h3>\n<\/div>\n<!-- \/module fancy heading -->\n<!-- module plain text -->\n<div  class=\"module module-plain-text tb_5pdn93 \" data-lazy=\"1\">\n        <div class=\"tb_text_wrap\">\n\t<p>(+351) 261 866 837 | (+351) 910 273 502<\/p>    <\/div>\n<\/div>\n<!-- \/module plain text --><!-- module fancy heading -->\n<div  class=\"module module-fancy-heading tb_c5mi508 \" data-lazy=\"1\">\n        <h3 class=\"fancy-heading\">\n    <span  class=\"main-head tf_block\">\n\t\t\t\t\tEmail\t\t    <\/span>\n    <span class=\"sub-head tf_block tf_rel\">\n\t\t\t\t\t\t\t    <\/span>\n    <\/h3>\n<\/div>\n<!-- \/module fancy heading -->\n<!-- module plain text -->\n<div  class=\"module module-plain-text tb_oyj7868 \" data-lazy=\"1\">\n        <div class=\"tb_text_wrap\">\n\t<p><a href=\"mailto:reservas@casadasaguarelas.pt\">reservas@casadasaguarelas.pt<\/a><\/p>    <\/div>\n<\/div>\n<!-- \/module plain text --><!-- module icon -->\n<div  class=\"module module-icon tb_sluj678  large circle icon_horizontal \" data-lazy=\"1\">\n    \t    <div class=\"module-icon-item tf_inline_b\">\n\t\t\t\t\t\t\t<a href=\"https:\/\/www.facebook.com\/CasadasAguarelas\" rel=\"noopener\" target=\"_blank\">\n\t\t\t\t\t\t\t\t\t\t\t\t\t\t\t\t\t<em class=\"ui tf_vmiddle tf_textc tf_box tb_default_color\"><svg  aria-hidden=\"true\" class=\"tf_fa tf-fab-facebook-f\"><use href=\"#tf-fab-facebook-f\"><\/use><\/svg><\/em>\n\t\t\t\t\t\t\t\t\t\t\t\t\t\t\t\t\t\t\t<\/a>\n\t\t\t\t    <\/div>\n\t\t    <div class=\"module-icon-item tf_inline_b\">\n\t\t\t\t\t\t\t<a href=\"https:\/\/www.instagram.com\/casadasaguarelas\/\" rel=\"noopener\" target=\"_blank\">\n\t\t\t\t\t\t\t\t\t\t\t\t\t\t\t\t\t<em class=\"ui tf_vmiddle tf_textc tf_box tb_default_color\"><svg  aria-hidden=\"true\" class=\"tf_fa tf-fab-instagram\"><use href=\"#tf-fab-instagram\"><\/use><\/svg><\/em>\n\t\t\t\t\t\t\t\t\t\t\t\t\t\t\t\t\t\t\t<\/a>\n\t\t\t\t    <\/div>\n\t<\/div>\n<!-- \/module icon -->\n<!-- module plain text -->\n<div  class=\"module module-plain-text tb_ugs1417 \" data-lazy=\"1\">\n        <div class=\"tb_text_wrap\">\n\t<img src=\"https:\/\/casadasaguarelas.pt\/wp-content\/uploads\/2021\/09\/icon-transfer.png\" class=\"icon-transfer\"><p>We are 35 minutes from Lisbon airport<\/p>\n    <\/div>\n<\/div>\n<!-- \/module plain text -->\t        <\/div>\n\t    \t<\/div>\n\t\t<div  data-lazy=\"1\" class=\"module_column tb-column col4-2 last tb_twv2406 tf_box\">\n\t    \t    \t        <div class=\"tb-column-inner tf_box tf_w\">\n\t\t    <!-- module plain text -->\n<div  class=\"module module-plain-text tb_t1q6534 \" data-lazy=\"1\">\n        <div class=\"tb_text_wrap\">\n\t<iframe loading=\"lazy\" src=\"https:\/\/www.google.com\/maps\/embed?pb=!1m18!1m12!1m3!1d3102.2834180801724!2d-9.420410684647663!3d38.96319597956051!2m3!1f0!2f0!3f0!3m2!1i1024!2i768!4f13.1!3m3!1m2!1s0xd1f270c89d78409%3A0x46aba357c97c64bb!2sCasa%20das%20Aguarelas!5e0!3m2!1sen!2spt!4v1592306081864!5m2!1sen!2spt\" width=\"100%\" height=\"450\" frameborder=\"0\" style=\"border:0;\" allowfullscreen=\"\" aria-hidden=\"false\" tabindex=\"0\"><\/iframe>    <\/div>\n<\/div>\n<!-- \/module plain text -->\t        <\/div>\n\t    \t<\/div>\n\t\t    <\/div>\n\t    <!-- \/row_inner -->\n\t<\/div>\n\t<!-- \/module_row -->\n\t<\/div>\n<!--\/themify_builder_content-->\n\n\n<p><\/p>","protected":false},"excerpt":{"rendered":"<p>Contacts Address Travessa do Honrado, n\u00ba1, 2655-290 Ericeira Reception hours 10:00 &#8211; 19:00 Phone (+351) 261 866 837 | (+351) 910 273 502 Email reservas@casadasaguarelas.pt We are 35 minutes from Lisbon airport<\/p>\n","protected":false},"author":1,"featured_media":0,"parent":0,"menu_order":0,"comment_status":"closed","ping_status":"closed","template":"","meta":[],"yoast_head":"<!-- This site is optimized with the Yoast SEO plugin v19.3 - https:\/\/yoast.com\/wordpress\/plugins\/seo\/ -->\n<title>Contacts - Casa das Aguarelas Ericeira<\/title>\n<meta name=\"description\" content=\"Get in touch with us and book your stay at Casa das Aguarelas.\" \/>\n<meta name=\"robots\" content=\"index, follow, max-snippet:-1, max-image-preview:large, max-video-preview:-1\" \/>\n<link rel=\"canonical\" href=\"https:\/\/casadasaguarelas.pt\/en\/contacts\/\" \/>\n<meta property=\"og:locale\" content=\"en_US\" \/>\n<meta property=\"og:type\" content=\"article\" \/>\n<meta property=\"og:title\" content=\"Contacts - Casa das Aguarelas Ericeira\" \/>\n<meta property=\"og:description\" content=\"Get in touch with us and book your stay at Casa das Aguarelas.\" \/>\n<meta property=\"og:url\" content=\"https:\/\/casadasaguarelas.pt\/en\/contacts\/\" \/>\n<meta property=\"og:site_name\" content=\"Casa das Aguarelas Ericeira\" \/>\n<meta property=\"article:modified_time\" content=\"2025-04-01T17:31:06+00:00\" \/>\n<meta property=\"og:image\" content=\"https:\/\/casadasaguarelas.pt\/wp-content\/uploads\/2020\/06\/banner-contactos.jpg\" \/>\n\t<meta property=\"og:image:width\" content=\"1920\" \/>\n\t<meta property=\"og:image:height\" content=\"723\" \/>\n\t<meta property=\"og:image:type\" content=\"image\/jpeg\" \/>\n<meta name=\"twitter:card\" content=\"summary_large_image\" \/>\n<script type=\"application\/ld+json\" class=\"yoast-schema-graph\">{\"@context\":\"https:\/\/schema.org\",\"@graph\":[{\"@type\":\"Organization\",\"@id\":\"https:\/\/casadasaguarelas.pt\/#organization\",\"name\":\"Casa das Aguarelas\",\"url\":\"https:\/\/casadasaguarelas.pt\/\",\"sameAs\":[\"https:\/\/www.instagram.com\/casadasaguarelas\/\"],\"logo\":{\"@type\":\"ImageObject\",\"inLanguage\":\"en-US\",\"@id\":\"https:\/\/casadasaguarelas.pt\/#\/schema\/logo\/image\/\",\"url\":\"https:\/\/casadasaguarelas.pt\/wp-content\/uploads\/2020\/04\/casa-das-aguarelas-logo.png\",\"contentUrl\":\"https:\/\/casadasaguarelas.pt\/wp-content\/uploads\/2020\/04\/casa-das-aguarelas-logo.png\",\"width\":300,\"height\":71,\"caption\":\"Casa das Aguarelas\"},\"image\":{\"@id\":\"https:\/\/casadasaguarelas.pt\/#\/schema\/logo\/image\/\"}},{\"@type\":\"WebSite\",\"@id\":\"https:\/\/casadasaguarelas.pt\/#website\",\"url\":\"https:\/\/casadasaguarelas.pt\/\",\"name\":\"Casa das Aguarelas Ericeira\",\"description\":\"A Casa das Aguarelas \u00e9 um espa\u00e7o charmoso, inspirado por elementos naturais que combinam a frescura do mar e o calor apraz\u00edvel da natureza.\",\"publisher\":{\"@id\":\"https:\/\/casadasaguarelas.pt\/#organization\"},\"potentialAction\":[{\"@type\":\"SearchAction\",\"target\":{\"@type\":\"EntryPoint\",\"urlTemplate\":\"https:\/\/casadasaguarelas.pt\/?s={search_term_string}\"},\"query-input\":\"required name=search_term_string\"}],\"inLanguage\":\"en-US\"},{\"@type\":\"ImageObject\",\"inLanguage\":\"en-US\",\"@id\":\"https:\/\/casadasaguarelas.pt\/en\/contacts\/#primaryimage\",\"url\":\"https:\/\/casadasaguarelas.pt\/wp-content\/uploads\/2021\/09\/icon-transfer.png\",\"contentUrl\":\"https:\/\/casadasaguarelas.pt\/wp-content\/uploads\/2021\/09\/icon-transfer.png\",\"width\":250,\"height\":250},{\"@type\":\"WebPage\",\"@id\":\"https:\/\/casadasaguarelas.pt\/en\/contacts\/\",\"url\":\"https:\/\/casadasaguarelas.pt\/en\/contacts\/\",\"name\":\"Contacts - Casa das Aguarelas Ericeira\",\"isPartOf\":{\"@id\":\"https:\/\/casadasaguarelas.pt\/#website\"},\"primaryImageOfPage\":{\"@id\":\"https:\/\/casadasaguarelas.pt\/en\/contacts\/#primaryimage\"},\"datePublished\":\"2020-06-16T13:12:15+00:00\",\"dateModified\":\"2025-04-01T17:31:06+00:00\",\"description\":\"Get in touch with us and book your stay at Casa das Aguarelas.\",\"breadcrumb\":{\"@id\":\"https:\/\/casadasaguarelas.pt\/en\/contacts\/#breadcrumb\"},\"inLanguage\":\"en-US\",\"potentialAction\":[{\"@type\":\"ReadAction\",\"target\":[\"https:\/\/casadasaguarelas.pt\/en\/contacts\/\"]}]},{\"@type\":\"BreadcrumbList\",\"@id\":\"https:\/\/casadasaguarelas.pt\/en\/contacts\/#breadcrumb\",\"itemListElement\":[{\"@type\":\"ListItem\",\"position\":1,\"name\":\"In\u00edcio\",\"item\":\"https:\/\/casadasaguarelas.pt\/en\/\"},{\"@type\":\"ListItem\",\"position\":2,\"name\":\"Contacts\"}]}]}<\/script>\n<!-- \/ Yoast SEO plugin. -->","yoast_head_json":{"title":"Contacts - Casa das Aguarelas Ericeira","description":"Get in touch with us and book your stay at Casa das Aguarelas.","robots":{"index":"index","follow":"follow","max-snippet":"max-snippet:-1","max-image-preview":"max-image-preview:large","max-video-preview":"max-video-preview:-1"},"canonical":"https:\/\/casadasaguarelas.pt\/en\/contacts\/","og_locale":"en_US","og_type":"article","og_title":"Contacts - Casa das Aguarelas Ericeira","og_description":"Get in touch with us and book your stay at Casa das Aguarelas.","og_url":"https:\/\/casadasaguarelas.pt\/en\/contacts\/","og_site_name":"Casa das Aguarelas Ericeira","article_modified_time":"2025-04-01T17:31:06+00:00","og_image":[{"width":1920,"height":723,"url":"https:\/\/casadasaguarelas.pt\/wp-content\/uploads\/2020\/06\/banner-contactos.jpg","type":"image\/jpeg"}],"twitter_card":"summary_large_image","schema":{"@context":"https:\/\/schema.org","@graph":[{"@type":"Organization","@id":"https:\/\/casadasaguarelas.pt\/#organization","name":"Casa das Aguarelas","url":"https:\/\/casadasaguarelas.pt\/","sameAs":["https:\/\/www.instagram.com\/casadasaguarelas\/"],"logo":{"@type":"ImageObject","inLanguage":"en-US","@id":"https:\/\/casadasaguarelas.pt\/#\/schema\/logo\/image\/","url":"https:\/\/casadasaguarelas.pt\/wp-content\/uploads\/2020\/04\/casa-das-aguarelas-logo.png","contentUrl":"https:\/\/casadasaguarelas.pt\/wp-content\/uploads\/2020\/04\/casa-das-aguarelas-logo.png","width":300,"height":71,"caption":"Casa das Aguarelas"},"image":{"@id":"https:\/\/casadasaguarelas.pt\/#\/schema\/logo\/image\/"}},{"@type":"WebSite","@id":"https:\/\/casadasaguarelas.pt\/#website","url":"https:\/\/casadasaguarelas.pt\/","name":"Casa das Aguarelas Ericeira","description":"A Casa das Aguarelas \u00e9 um espa\u00e7o charmoso, inspirado por elementos naturais que combinam a frescura do mar e o calor apraz\u00edvel da natureza.","publisher":{"@id":"https:\/\/casadasaguarelas.pt\/#organization"},"potentialAction":[{"@type":"SearchAction","target":{"@type":"EntryPoint","urlTemplate":"https:\/\/casadasaguarelas.pt\/?s={search_term_string}"},"query-input":"required name=search_term_string"}],"inLanguage":"en-US"},{"@type":"ImageObject","inLanguage":"en-US","@id":"https:\/\/casadasaguarelas.pt\/en\/contacts\/#primaryimage","url":"https:\/\/casadasaguarelas.pt\/wp-content\/uploads\/2021\/09\/icon-transfer.png","contentUrl":"https:\/\/casadasaguarelas.pt\/wp-content\/uploads\/2021\/09\/icon-transfer.png","width":250,"height":250},{"@type":"WebPage","@id":"https:\/\/casadasaguarelas.pt\/en\/contacts\/","url":"https:\/\/casadasaguarelas.pt\/en\/contacts\/","name":"Contacts - Casa das Aguarelas Ericeira","isPartOf":{"@id":"https:\/\/casadasaguarelas.pt\/#website"},"primaryImageOfPage":{"@id":"https:\/\/casadasaguarelas.pt\/en\/contacts\/#primaryimage"},"datePublished":"2020-06-16T13:12:15+00:00","dateModified":"2025-04-01T17:31:06+00:00","description":"Get in touch with us and book your stay at Casa das Aguarelas.","breadcrumb":{"@id":"https:\/\/casadasaguarelas.pt\/en\/contacts\/#breadcrumb"},"inLanguage":"en-US","potentialAction":[{"@type":"ReadAction","target":["https:\/\/casadasaguarelas.pt\/en\/contacts\/"]}]},{"@type":"BreadcrumbList","@id":"https:\/\/casadasaguarelas.pt\/en\/contacts\/#breadcrumb","itemListElement":[{"@type":"ListItem","position":1,"name":"In\u00edcio","item":"https:\/\/casadasaguarelas.pt\/en\/"},{"@type":"ListItem","position":2,"name":"Contacts"}]}]}},"builder_content":"<h1>Contacts<br\/><\/h1>\n<h3>Address<br\/><\/h3>\n<p>Travessa do Honrado, n\u00ba1, 2655-290 Ericeira<\/p>\n<h3>Reception hours<br\/><\/h3>\n<p>10:00 - 19:00<\/p>\n<h3>Phone<br\/><\/h3>\n<p>(+351) 261 866 837 | (+351) 910 273 502<\/p>\n<h3>Email<br\/><\/h3>\n<p><a href=\"mailto:reservas@casadasaguarelas.pt\">reservas@casadasaguarelas.pt<\/a><\/p>\n<a href=\"https:\/\/www.facebook.com\/CasadasAguarelas\" rel=\"noopener\" target=\"_blank\"> <em><svg aria-hidden=\"true\"><use href=\"#tf-fab-facebook-f\"><\/use><\/svg><\/em> <\/a> <a href=\"https:\/\/www.instagram.com\/casadasaguarelas\/\" rel=\"noopener\" target=\"_blank\"> <em><svg aria-hidden=\"true\"><use href=\"#tf-fab-instagram\"><\/use><\/svg><\/em> <\/a>\n<img src=\"https:\/\/casadasaguarelas.pt\/wp-content\/uploads\/2021\/09\/icon-transfer.png\"><p>We are 35 minutes from Lisbon airport<\/p>\n<iframe loading=\"lazy\" src=\"https:\/\/www.google.com\/maps\/embed?pb=!1m18!1m12!1m3!1d3102.2834180801724!2d-9.420410684647663!3d38.96319597956051!2m3!1f0!2f0!3f0!3m2!1i1024!2i768!4f13.1!3m3!1m2!1s0xd1f270c89d78409%3A0x46aba357c97c64bb!2sCasa%20das%20Aguarelas!5e0!3m2!1sen!2spt!4v1592306081864!5m2!1sen!2spt\" width=\"100%\" height=\"450\" frameborder=\"0\" style=\"border:0;\" allowfullscreen=\"\" aria-hidden=\"false\" tabindex=\"0\"><\/iframe>","post_mailing_queue_ids":[],"_links":{"self":[{"href":"https:\/\/casadasaguarelas.pt\/en\/wp-json\/wp\/v2\/pages\/1353"}],"collection":[{"href":"https:\/\/casadasaguarelas.pt\/en\/wp-json\/wp\/v2\/pages"}],"about":[{"href":"https:\/\/casadasaguarelas.pt\/en\/wp-json\/wp\/v2\/types\/page"}],"author":[{"embeddable":true,"href":"https:\/\/casadasaguarelas.pt\/en\/wp-json\/wp\/v2\/users\/1"}],"replies":[{"embeddable":true,"href":"https:\/\/casadasaguarelas.pt\/en\/wp-json\/wp\/v2\/comments?post=1353"}],"version-history":[{"count":11,"href":"https:\/\/casadasaguarelas.pt\/en\/wp-json\/wp\/v2\/pages\/1353\/revisions"}],"predecessor-version":[{"id":3390,"href":"https:\/\/casadasaguarelas.pt\/en\/wp-json\/wp\/v2\/pages\/1353\/revisions\/3390"}],"wp:attachment":[{"href":"https:\/\/casadasaguarelas.pt\/en\/wp-json\/wp\/v2\/media?parent=1353"}],"curies":[{"name":"wp","href":"https:\/\/api.w.org\/{rel}","templated":true}]}}