{"id":2070,"date":"2021-01-20T17:37:19","date_gmt":"2021-01-20T17:37:19","guid":{"rendered":"https:\/\/casadasaguarelas.pt\/ericeira-copy\/"},"modified":"2022-10-07T11:59:22","modified_gmt":"2022-10-07T11:59:22","slug":"digital-nomads","status":"publish","type":"page","link":"https:\/\/casadasaguarelas.pt\/en\/digital-nomads\/","title":{"rendered":"Digital Nomads"},"content":{"rendered":"<!--themify_builder_content-->\n<div id=\"themify_builder_content-2070\" data-postid=\"2070\" class=\"themify_builder_content themify_builder_content-2070 themify_builder tf_clear\">\n    \t<!-- module_row -->\n\t<div  data-css_id=\"5qkb369\" data-lazy=\"1\" class=\"module_row themify_builder_row fullcover fullwidth tb_5qkb369 tb_first tf_clearfix\" >\n\t    \t\t<div class=\"row_inner col_align_top tf_box tf_w tf_rel\">\n\t\t\t<div  data-lazy=\"1\" class=\"module_column tb-column col-full first tb_h34n370 tf_box\">\n\t    \t    \t<\/div>\n\t\t    <\/div>\n\t    <!-- \/row_inner -->\n\t<\/div>\n\t<!-- \/module_row -->\n\t\t<!-- module_row -->\n\t<div  data-css_id=\"0dze166\" data-lazy=\"1\" class=\"module_row themify_builder_row text-section-ericeira fullwidth tb_0dze166 tf_clearfix\" >\n\t    \t\t<div class=\"row_inner col_align_top tf_box tf_w tf_rel\">\n\t\t\t<div  data-lazy=\"1\" style=\"width: 6%\" class=\"module_column tb-column col4-1 first tb_exa0169 icons-nomadas-row tf_box\">\n\t    \t    \t        <div class=\"tb-column-inner tf_box tf_w\">\n\t\t    <!-- module image -->\n<div  class=\"module module-image tb_hmff60   image-top tf_mw hide-tablet_landscape hide-mobile\" data-lazy=\"1\">\n        <div class=\"image-wrap tf_rel tf_mw\">\n\t\t    <img loading=\"lazy\" width=\"133\" height=\"460\" src=\"https:\/\/casadasaguarelas.pt\/wp-content\/uploads\/2021\/01\/nomadas-icons.png\" class=\"wp-post-image wp-image-2082\" title=\"nomadas-icons\" alt=\"nomadas-icons\" srcset=\"https:\/\/casadasaguarelas.pt\/wp-content\/uploads\/2021\/01\/nomadas-icons.png 133w, https:\/\/casadasaguarelas.pt\/wp-content\/uploads\/2021\/01\/nomadas-icons-87x300.png 87w\" sizes=\"(max-width: 133px) 100vw, 133px\" \/>\t\n\t\t<\/div>\n\t<!-- \/image-wrap -->\n    \n    \t<\/div>\n<!-- \/module image -->\t        <\/div>\n\t    \t<\/div>\n\t\t<div  data-lazy=\"1\" style=\"width: 90.8%\" class=\"module_column tb-column col4-3 last tb_zhnc511 tf_box\">\n\t    \t    \t        <div class=\"tb-column-inner tf_box tf_w\">\n\t\t    <!-- module image -->\n<div  class=\"module module-image tb_q7qt453   image-top tf_mw hide-desktop hide-tablet\" data-lazy=\"1\">\n        <div class=\"image-wrap tf_rel tf_mw\">\n\t\t    <img loading=\"lazy\" width=\"407\" height=\"117\" src=\"https:\/\/casadasaguarelas.pt\/wp-content\/uploads\/2021\/01\/nomadas-icons-mobile.png\" class=\"wp-post-image wp-image-2185\" title=\"nomadas-icons-mobile\" alt=\"nomadas-icons-mobile\" srcset=\"https:\/\/casadasaguarelas.pt\/wp-content\/uploads\/2021\/01\/nomadas-icons-mobile.png 407w, https:\/\/casadasaguarelas.pt\/wp-content\/uploads\/2021\/01\/nomadas-icons-mobile-300x86.png 300w\" sizes=\"(max-width: 407px) 100vw, 407px\" \/>\t\n\t\t<\/div>\n\t<!-- \/image-wrap -->\n    \n    \t<\/div>\n<!-- \/module image --><!-- module fancy heading -->\n<div  class=\"module module-fancy-heading tb_l0pp169  tb_hide_divider\" data-lazy=\"1\">\n        <h2 class=\"fancy-heading\">\n    <span  class=\"main-head tf_block\">\n\t\t\t\t\tWelcome digital nomads\t\t    <\/span>\n    <span class=\"sub-head tf_block tf_rel\">\n\t\t\t\t\t\t\t    <\/span>\n    <\/h2>\n<\/div>\n<!-- \/module fancy heading -->\n<!-- module plain text -->\n<div  class=\"module module-plain-text tb_q49h169 \" data-lazy=\"1\">\n        <div class=\"tb_text_wrap\">\n\t<p>Feel like home working abroad in Ericeira Vila center? At Casa das Aguarelas we have five renovated apartaments available, fully equipped, ideal for remote work, vacation, or to relax.<\/p>\n\n<p><a href=\"\/en\/apartments\/\">Check out some apartment pictures here<\/a><\/p>    <\/div>\n<\/div>\n<!-- \/module plain text -->\t        <\/div>\n\t    \t<\/div>\n\t\t    <\/div>\n\t    <!-- \/row_inner -->\n\t<\/div>\n\t<!-- \/module_row -->\n\t\t<!-- module_row -->\n\t<div  data-tablet-padding=\"50px,50px\" data-mobile-padding=\"25px\" data-desktop-padding=\"50px\" data-css_id=\"uisq499\" data-lazy=\"1\" class=\"module_row themify_builder_row fullcover fullwidth_row_container tb_uisq499 tf_clearfix\" >\n\t    <div class=\"tf_abs builder_row_cover\"><\/div>\t\t<div class=\"row_inner col_align_middle tf_box tf_w tf_rel\">\n\t\t\t<div  data-lazy=\"1\" class=\"module_column tb-column col3-1 first tb_v62s500 tf_box\">\n\t    \t    \t<\/div>\n\t\t<div  data-lazy=\"1\" class=\"module_column tb-column col3-2 last tb_feyq79 repeat tf_box\">\n\t    \t    \t        <div class=\"tb-column-inner tf_box tf_w\">\n\t\t    <!-- module fancy heading -->\n<div  class=\"module module-fancy-heading tb_rtf4270  tb_hide_divider\" data-lazy=\"1\">\n        <h2 class=\"fancy-heading\">\n    <span  class=\"main-head tf_block\">\n\t\t\t\t\tCOMMUNITY x SURF x WORK x NATURE\t\t    <\/span>\n    <span class=\"sub-head tf_block tf_rel\">\n\t\t\t\t\t\t\t    <\/span>\n    <\/h2>\n<\/div>\n<!-- \/module fancy heading -->\n<!-- module plain text -->\n<div  class=\"module module-plain-text tb_i68n130 \" data-lazy=\"1\">\n        <div class=\"tb_text_wrap\">\n\t<p>Ericeira is considered to be one of the best places in the world to work remotely. A sunny village with amazing beaches and waves to surf ( Ericeira is the Europe\u2019s only World Surfing Reserve), with a strong heritage from hard-working people related to the sea.\nIt\u2019s laid-back vibe, and cool places to go around and and meet new people are endless. Around our apartments you will find lots of bars, restaurants and concept shops that will amaze you.<\/p>    <\/div>\n<\/div>\n<!-- \/module plain text -->\t        <\/div>\n\t    \t<\/div>\n\t\t    <\/div>\n\t    <!-- \/row_inner -->\n\t<\/div>\n\t<!-- \/module_row -->\n\t\t<!-- module_row -->\n\t<div  data-css_id=\"wk3z21\" data-lazy=\"1\" class=\"module_row themify_builder_row fullwidth tb_wk3z21 tf_clearfix\" >\n\t    \t\t<div class=\"row_inner col_align_middle tf_box tf_w tf_rel\">\n\t\t\t<div  data-lazy=\"1\" class=\"module_column tb-column col3-1 first tb_4g0g22 tf_box\">\n\t    \t    \t        <div class=\"tb-column-inner tf_box tf_w\">\n\t\t    <!-- module image -->\n<div  class=\"module module-image tb_h34m926   image-top tf_mw\" data-lazy=\"1\">\n        <div class=\"image-wrap tf_rel tf_mw\">\n\t\t    <img loading=\"lazy\" width=\"610\" height=\"810\" src=\"https:\/\/casadasaguarelas.pt\/wp-content\/uploads\/2021\/01\/nomadas-1.jpg\" class=\"wp-post-image wp-image-2111\" title=\"nomadas-1\" alt=\"nomadas-1\" srcset=\"https:\/\/casadasaguarelas.pt\/wp-content\/uploads\/2021\/01\/nomadas-1.jpg 610w, https:\/\/casadasaguarelas.pt\/wp-content\/uploads\/2021\/01\/nomadas-1-226x300.jpg 226w\" sizes=\"(max-width: 610px) 100vw, 610px\" \/>\t\n\t\t<\/div>\n\t<!-- \/image-wrap -->\n    \n    \t<\/div>\n<!-- \/module image -->\t        <\/div>\n\t    \t<\/div>\n\t\t<div  data-lazy=\"1\" class=\"module_column tb-column col3-2 last tb_cdt322 booking-nomadas tf_box\">\n\t    \t    \t        <div class=\"tb-column-inner tf_box tf_w\">\n\t\t    <!-- module fancy heading -->\n<div  class=\"module module-fancy-heading tb_tq7v461 booking-nomadas-titulo tb_hide_divider\" data-lazy=\"1\">\n        <h3 class=\"fancy-heading tf_textr\">\n    <span  class=\"main-head tf_block\">\n\t\t\t\t\tWhat are you waiting for?\t\t    <\/span>\n    <span class=\"sub-head tf_block tf_rel\">\n\t\t\t\t\tCall us for more info or booking\t\t    <\/span>\n    <\/h3>\n<\/div>\n<!-- \/module fancy heading -->\n<!-- module icon -->\n<div  class=\"module module-icon tb_tuu5903 text-right icon-nomadas large circle icon_horizontal \" data-lazy=\"1\">\n    \t    <div class=\"module-icon-item tf_inline_b\">\n\t\t\t\t\t\t\t<a href=\"mailto:reservas@casadasaguarelas.pt\">\n\t\t\t\t\t\t\t\t\t\t\t\t\t\t\t\t\t<em class=\"ui tf_vmiddle tf_textc tf_box tb_default_color\"><svg  aria-hidden=\"true\" class=\"tf_fa tf-ti-email\"><use href=\"#tf-ti-email\"><\/use><\/svg><\/em>\n\t\t\t\t\t\t\t\t\t\t\t\t\t\t\t\t\t\t\t<\/a>\n\t\t\t\t    <\/div>\n\t\t    <div class=\"module-icon-item tf_inline_b\">\n\t\t\t\t\t\t\t<a href=\"tel:00351910273502\">\n\t\t\t\t\t\t\t\t\t\t\t\t\t\t\t\t\t<em class=\"ui tf_vmiddle tf_textc tf_box tb_default_color\"><svg  aria-hidden=\"true\" class=\"tf_fa tf-ti-mobile\"><use href=\"#tf-ti-mobile\"><\/use><\/svg><\/em>\n\t\t\t\t\t\t\t\t\t\t\t\t\t\t\t\t\t\t\t<\/a>\n\t\t\t\t    <\/div>\n\t<\/div>\n<!-- \/module icon -->\n\t        <\/div>\n\t    \t<\/div>\n\t\t    <\/div>\n\t    <!-- \/row_inner -->\n\t<\/div>\n\t<!-- \/module_row -->\n\t<\/div>\n<!--\/themify_builder_content-->","protected":false},"excerpt":{"rendered":"<p>Welcome digital nomads Feel like home working abroad in Ericeira Vila center? At Casa das Aguarelas we have five renovated apartaments available, fully equipped, ideal for remote work, vacation, or to relax. Check out some apartment pictures here COMMUNITY x SURF x WORK x NATURE Ericeira is considered to be one of the best places [&hellip;]<\/p>\n","protected":false},"author":1,"featured_media":0,"parent":0,"menu_order":0,"comment_status":"closed","ping_status":"closed","template":"","meta":[],"yoast_head":"<!-- This site is optimized with the Yoast SEO plugin v19.3 - https:\/\/yoast.com\/wordpress\/plugins\/seo\/ -->\n<title>Digital Nomads - Casa das Aguarelas Ericeira<\/title>\n<meta name=\"description\" content=\"Work remotely in Ericeira at Casa das Aguarelas. Ericeira is considered to be one of the best places in the world for digital nomads.\" \/>\n<meta name=\"robots\" content=\"index, follow, max-snippet:-1, max-image-preview:large, max-video-preview:-1\" \/>\n<link rel=\"canonical\" href=\"https:\/\/casadasaguarelas.pt\/en\/digital-nomads\/\" \/>\n<meta property=\"og:locale\" content=\"en_US\" \/>\n<meta property=\"og:type\" content=\"article\" \/>\n<meta property=\"og:title\" content=\"Digital Nomads - Casa das Aguarelas Ericeira\" \/>\n<meta property=\"og:description\" content=\"Work remotely in Ericeira at Casa das Aguarelas. Ericeira is considered to be one of the best places in the world for digital nomads.\" \/>\n<meta property=\"og:url\" content=\"https:\/\/casadasaguarelas.pt\/en\/digital-nomads\/\" \/>\n<meta property=\"og:site_name\" content=\"Casa das Aguarelas Ericeira\" \/>\n<meta property=\"article:modified_time\" content=\"2022-10-07T11:59:22+00:00\" \/>\n<meta property=\"og:image\" content=\"https:\/\/casadasaguarelas.pt\/wp-content\/uploads\/2020\/04\/banner-ericeira.jpg\" \/>\n\t<meta property=\"og:image:width\" content=\"1920\" \/>\n\t<meta property=\"og:image:height\" content=\"723\" \/>\n\t<meta property=\"og:image:type\" content=\"image\/jpeg\" \/>\n<meta name=\"twitter:card\" content=\"summary_large_image\" \/>\n<script type=\"application\/ld+json\" class=\"yoast-schema-graph\">{\"@context\":\"https:\/\/schema.org\",\"@graph\":[{\"@type\":\"Organization\",\"@id\":\"https:\/\/casadasaguarelas.pt\/#organization\",\"name\":\"Casa das Aguarelas\",\"url\":\"https:\/\/casadasaguarelas.pt\/\",\"sameAs\":[\"https:\/\/www.instagram.com\/casadasaguarelas\/\"],\"logo\":{\"@type\":\"ImageObject\",\"inLanguage\":\"en-US\",\"@id\":\"https:\/\/casadasaguarelas.pt\/#\/schema\/logo\/image\/\",\"url\":\"https:\/\/casadasaguarelas.pt\/wp-content\/uploads\/2020\/04\/casa-das-aguarelas-logo.png\",\"contentUrl\":\"https:\/\/casadasaguarelas.pt\/wp-content\/uploads\/2020\/04\/casa-das-aguarelas-logo.png\",\"width\":300,\"height\":71,\"caption\":\"Casa das Aguarelas\"},\"image\":{\"@id\":\"https:\/\/casadasaguarelas.pt\/#\/schema\/logo\/image\/\"}},{\"@type\":\"WebSite\",\"@id\":\"https:\/\/casadasaguarelas.pt\/#website\",\"url\":\"https:\/\/casadasaguarelas.pt\/\",\"name\":\"Casa das Aguarelas Ericeira\",\"description\":\"A Casa das Aguarelas \u00e9 um espa\u00e7o charmoso, inspirado por elementos naturais que combinam a frescura do mar e o calor apraz\u00edvel da natureza.\",\"publisher\":{\"@id\":\"https:\/\/casadasaguarelas.pt\/#organization\"},\"potentialAction\":[{\"@type\":\"SearchAction\",\"target\":{\"@type\":\"EntryPoint\",\"urlTemplate\":\"https:\/\/casadasaguarelas.pt\/?s={search_term_string}\"},\"query-input\":\"required name=search_term_string\"}],\"inLanguage\":\"en-US\"},{\"@type\":\"ImageObject\",\"inLanguage\":\"en-US\",\"@id\":\"https:\/\/casadasaguarelas.pt\/en\/digital-nomads\/#primaryimage\",\"url\":\"https:\/\/casadasaguarelas.pt\/wp-content\/uploads\/2021\/01\/nomadas-icons.png\",\"contentUrl\":\"https:\/\/casadasaguarelas.pt\/wp-content\/uploads\/2021\/01\/nomadas-icons.png\",\"width\":133,\"height\":460},{\"@type\":\"WebPage\",\"@id\":\"https:\/\/casadasaguarelas.pt\/en\/digital-nomads\/\",\"url\":\"https:\/\/casadasaguarelas.pt\/en\/digital-nomads\/\",\"name\":\"Digital Nomads - Casa das Aguarelas Ericeira\",\"isPartOf\":{\"@id\":\"https:\/\/casadasaguarelas.pt\/#website\"},\"primaryImageOfPage\":{\"@id\":\"https:\/\/casadasaguarelas.pt\/en\/digital-nomads\/#primaryimage\"},\"datePublished\":\"2021-01-20T17:37:19+00:00\",\"dateModified\":\"2022-10-07T11:59:22+00:00\",\"description\":\"Work remotely in Ericeira at Casa das Aguarelas. Ericeira is considered to be one of the best places in the world for digital nomads.\",\"breadcrumb\":{\"@id\":\"https:\/\/casadasaguarelas.pt\/en\/digital-nomads\/#breadcrumb\"},\"inLanguage\":\"en-US\",\"potentialAction\":[{\"@type\":\"ReadAction\",\"target\":[\"https:\/\/casadasaguarelas.pt\/en\/digital-nomads\/\"]}]},{\"@type\":\"BreadcrumbList\",\"@id\":\"https:\/\/casadasaguarelas.pt\/en\/digital-nomads\/#breadcrumb\",\"itemListElement\":[{\"@type\":\"ListItem\",\"position\":1,\"name\":\"In\u00edcio\",\"item\":\"https:\/\/casadasaguarelas.pt\/en\/\"},{\"@type\":\"ListItem\",\"position\":2,\"name\":\"Digital Nomads\"}]}]}<\/script>\n<!-- \/ Yoast SEO plugin. -->","yoast_head_json":{"title":"Digital Nomads - Casa das Aguarelas Ericeira","description":"Work remotely in Ericeira at Casa das Aguarelas. Ericeira is considered to be one of the best places in the world for digital nomads.","robots":{"index":"index","follow":"follow","max-snippet":"max-snippet:-1","max-image-preview":"max-image-preview:large","max-video-preview":"max-video-preview:-1"},"canonical":"https:\/\/casadasaguarelas.pt\/en\/digital-nomads\/","og_locale":"en_US","og_type":"article","og_title":"Digital Nomads - Casa das Aguarelas Ericeira","og_description":"Work remotely in Ericeira at Casa das Aguarelas. Ericeira is considered to be one of the best places in the world for digital nomads.","og_url":"https:\/\/casadasaguarelas.pt\/en\/digital-nomads\/","og_site_name":"Casa das Aguarelas Ericeira","article_modified_time":"2022-10-07T11:59:22+00:00","og_image":[{"width":1920,"height":723,"url":"https:\/\/casadasaguarelas.pt\/wp-content\/uploads\/2020\/04\/banner-ericeira.jpg","type":"image\/jpeg"}],"twitter_card":"summary_large_image","schema":{"@context":"https:\/\/schema.org","@graph":[{"@type":"Organization","@id":"https:\/\/casadasaguarelas.pt\/#organization","name":"Casa das Aguarelas","url":"https:\/\/casadasaguarelas.pt\/","sameAs":["https:\/\/www.instagram.com\/casadasaguarelas\/"],"logo":{"@type":"ImageObject","inLanguage":"en-US","@id":"https:\/\/casadasaguarelas.pt\/#\/schema\/logo\/image\/","url":"https:\/\/casadasaguarelas.pt\/wp-content\/uploads\/2020\/04\/casa-das-aguarelas-logo.png","contentUrl":"https:\/\/casadasaguarelas.pt\/wp-content\/uploads\/2020\/04\/casa-das-aguarelas-logo.png","width":300,"height":71,"caption":"Casa das Aguarelas"},"image":{"@id":"https:\/\/casadasaguarelas.pt\/#\/schema\/logo\/image\/"}},{"@type":"WebSite","@id":"https:\/\/casadasaguarelas.pt\/#website","url":"https:\/\/casadasaguarelas.pt\/","name":"Casa das Aguarelas Ericeira","description":"A Casa das Aguarelas \u00e9 um espa\u00e7o charmoso, inspirado por elementos naturais que combinam a frescura do mar e o calor apraz\u00edvel da natureza.","publisher":{"@id":"https:\/\/casadasaguarelas.pt\/#organization"},"potentialAction":[{"@type":"SearchAction","target":{"@type":"EntryPoint","urlTemplate":"https:\/\/casadasaguarelas.pt\/?s={search_term_string}"},"query-input":"required name=search_term_string"}],"inLanguage":"en-US"},{"@type":"ImageObject","inLanguage":"en-US","@id":"https:\/\/casadasaguarelas.pt\/en\/digital-nomads\/#primaryimage","url":"https:\/\/casadasaguarelas.pt\/wp-content\/uploads\/2021\/01\/nomadas-icons.png","contentUrl":"https:\/\/casadasaguarelas.pt\/wp-content\/uploads\/2021\/01\/nomadas-icons.png","width":133,"height":460},{"@type":"WebPage","@id":"https:\/\/casadasaguarelas.pt\/en\/digital-nomads\/","url":"https:\/\/casadasaguarelas.pt\/en\/digital-nomads\/","name":"Digital Nomads - Casa das Aguarelas Ericeira","isPartOf":{"@id":"https:\/\/casadasaguarelas.pt\/#website"},"primaryImageOfPage":{"@id":"https:\/\/casadasaguarelas.pt\/en\/digital-nomads\/#primaryimage"},"datePublished":"2021-01-20T17:37:19+00:00","dateModified":"2022-10-07T11:59:22+00:00","description":"Work remotely in Ericeira at Casa das Aguarelas. Ericeira is considered to be one of the best places in the world for digital nomads.","breadcrumb":{"@id":"https:\/\/casadasaguarelas.pt\/en\/digital-nomads\/#breadcrumb"},"inLanguage":"en-US","potentialAction":[{"@type":"ReadAction","target":["https:\/\/casadasaguarelas.pt\/en\/digital-nomads\/"]}]},{"@type":"BreadcrumbList","@id":"https:\/\/casadasaguarelas.pt\/en\/digital-nomads\/#breadcrumb","itemListElement":[{"@type":"ListItem","position":1,"name":"In\u00edcio","item":"https:\/\/casadasaguarelas.pt\/en\/"},{"@type":"ListItem","position":2,"name":"Digital Nomads"}]}]}},"builder_content":"<img loading=\"lazy\" width=\"133\" height=\"460\" src=\"https:\/\/casadasaguarelas.pt\/wp-content\/uploads\/2021\/01\/nomadas-icons.png\" title=\"nomadas-icons\" alt=\"nomadas-icons\" srcset=\"https:\/\/casadasaguarelas.pt\/wp-content\/uploads\/2021\/01\/nomadas-icons.png 133w, https:\/\/casadasaguarelas.pt\/wp-content\/uploads\/2021\/01\/nomadas-icons-87x300.png 87w\" sizes=\"(max-width: 133px) 100vw, 133px\" \/>\n<img loading=\"lazy\" width=\"407\" height=\"117\" src=\"https:\/\/casadasaguarelas.pt\/wp-content\/uploads\/2021\/01\/nomadas-icons-mobile.png\" title=\"nomadas-icons-mobile\" alt=\"nomadas-icons-mobile\" srcset=\"https:\/\/casadasaguarelas.pt\/wp-content\/uploads\/2021\/01\/nomadas-icons-mobile.png 407w, https:\/\/casadasaguarelas.pt\/wp-content\/uploads\/2021\/01\/nomadas-icons-mobile-300x86.png 300w\" sizes=\"(max-width: 407px) 100vw, 407px\" \/>\n<h2>Welcome digital nomads<br\/><\/h2>\n<p>Feel like home working abroad in Ericeira Vila center? At Casa das Aguarelas we have five renovated apartaments available, fully equipped, ideal for remote work, vacation, or to relax.<\/p>\n<p><a href=\"\/en\/apartments\/\">Check out some apartment pictures here<\/a><\/p>\n<h2>COMMUNITY x SURF x WORK x NATURE<br\/><\/h2>\n<p>Ericeira is considered to be one of the best places in the world to work remotely. A sunny village with amazing beaches and waves to surf ( Ericeira is the Europe\u2019s only World Surfing Reserve), with a strong heritage from hard-working people related to the sea. It\u2019s laid-back vibe, and cool places to go around and and meet new people are endless. Around our apartments you will find lots of bars, restaurants and concept shops that will amaze you.<\/p>\n<img loading=\"lazy\" width=\"610\" height=\"810\" src=\"https:\/\/casadasaguarelas.pt\/wp-content\/uploads\/2021\/01\/nomadas-1.jpg\" title=\"nomadas-1\" alt=\"nomadas-1\" srcset=\"https:\/\/casadasaguarelas.pt\/wp-content\/uploads\/2021\/01\/nomadas-1.jpg 610w, https:\/\/casadasaguarelas.pt\/wp-content\/uploads\/2021\/01\/nomadas-1-226x300.jpg 226w\" sizes=\"(max-width: 610px) 100vw, 610px\" \/>\n<h3>What are you waiting for?<br\/>Call us for more info or booking<\/h3>\n<a href=\"mailto:reservas@casadasaguarelas.pt\"> <em><svg aria-hidden=\"true\"><use href=\"#tf-ti-email\"><\/use><\/svg><\/em> <\/a> <a href=\"tel:00351910273502\"> <em><svg aria-hidden=\"true\"><use href=\"#tf-ti-mobile\"><\/use><\/svg><\/em> <\/a>","post_mailing_queue_ids":[],"_links":{"self":[{"href":"https:\/\/casadasaguarelas.pt\/en\/wp-json\/wp\/v2\/pages\/2070"}],"collection":[{"href":"https:\/\/casadasaguarelas.pt\/en\/wp-json\/wp\/v2\/pages"}],"about":[{"href":"https:\/\/casadasaguarelas.pt\/en\/wp-json\/wp\/v2\/types\/page"}],"author":[{"embeddable":true,"href":"https:\/\/casadasaguarelas.pt\/en\/wp-json\/wp\/v2\/users\/1"}],"replies":[{"embeddable":true,"href":"https:\/\/casadasaguarelas.pt\/en\/wp-json\/wp\/v2\/comments?post=2070"}],"version-history":[{"count":164,"href":"https:\/\/casadasaguarelas.pt\/en\/wp-json\/wp\/v2\/pages\/2070\/revisions"}],"predecessor-version":[{"id":3024,"href":"https:\/\/casadasaguarelas.pt\/en\/wp-json\/wp\/v2\/pages\/2070\/revisions\/3024"}],"wp:attachment":[{"href":"https:\/\/casadasaguarelas.pt\/en\/wp-json\/wp\/v2\/media?parent=2070"}],"curies":[{"name":"wp","href":"https:\/\/api.w.org\/{rel}","templated":true}]}}