{"id":990,"date":"2020-04-08T15:06:35","date_gmt":"2020-04-08T15:06:35","guid":{"rendered":"https:\/\/casadasaguarelas.pt\/rooms\/"},"modified":"2025-07-04T15:27:30","modified_gmt":"2025-07-04T15:27:30","slug":"rooms","status":"publish","type":"page","link":"https:\/\/casadasaguarelas.pt\/en\/rooms\/","title":{"rendered":"Rooms"},"content":{"rendered":"<!--themify_builder_content-->\n<div id=\"themify_builder_content-990\" data-postid=\"990\" class=\"themify_builder_content themify_builder_content-990 themify_builder tf_clear\">\n    \t<!-- module_row -->\n\t<div  data-css_id=\"yr3l165\" data-lazy=\"1\" class=\"module_row themify_builder_row fullcover fullwidth tb_yr3l165 tb_first tf_clearfix\" >\n\t    \t\t<div class=\"row_inner col_align_top tf_box tf_w tf_rel\">\n\t\t\t<div  data-lazy=\"1\" class=\"module_column tb-column col-full first tb_c8mo165 tf_box\">\n\t    \t    \t        <div class=\"tb-column-inner tf_box tf_w\">\n\t\t    <!-- module fancy heading -->\n<div  class=\"module module-fancy-heading tb_1m26940  tb_hide_divider\" data-lazy=\"1\">\n        <h1 class=\"fancy-heading\">\n    <span  class=\"main-head tf_block\">\n\t\t\t\t\tRooms\t\t    <\/span>\n    <span class=\"sub-head tf_block tf_rel\">\n\t\t\t\t\t\t\t    <\/span>\n    <\/h1>\n<\/div>\n<!-- \/module fancy heading -->\n\t        <\/div>\n\t    \t<\/div>\n\t\t    <\/div>\n\t    <!-- \/row_inner -->\n\t<\/div>\n\t<!-- \/module_row -->\n\t\t<!-- module_row -->\n\t<div  data-lazy=\"1\" class=\"module_row themify_builder_row tb_op2m660 tf_clearfix\" >\n\t    \t\t<div class=\"row_inner col_align_top tf_box tf_w tf_rel\">\n\t\t\t<div  data-lazy=\"1\" class=\"module_column tb-column col-full first tb_pvqs660 tf_box\">\n\t    \t    \t        <div class=\"tb-column-inner tf_box tf_w\">\n\t\t    <!-- module plain text -->\n<div  class=\"module module-plain-text tb_qbv5333 \" data-lazy=\"1\">\n        <div class=\"tb_text_wrap\">\n\t<p>All rooms at Casa das Aguarelas are brightly decorated with white walls and\r\nwooden panels and floors. They all include a flat-screen TV and a modern\r\nprivate bathroom. Wi-Fi is free.<\/p>\r\n\r\n<p>Some of the rooms have kitchen support, fridge and microwave for preparing basic meals and snacks. There are several restaurants, cafes and bars within 200meters and the supermarket is just 300meters away.<\/p>    <\/div>\n<\/div>\n<!-- \/module plain text -->\t        <\/div>\n\t    \t<\/div>\n\t\t    <\/div>\n\t    <!-- \/row_inner -->\n\t<\/div>\n\t<!-- \/module_row -->\n\t\t<!-- module_row -->\n\t<div  data-lazy=\"1\" class=\"module_row themify_builder_row tb_j9e9914 tf_clearfix\" >\n\t    \t\t<div class=\"row_inner col_align_top tf_box tf_w tf_rel\">\n\t\t\t<div  data-lazy=\"1\" class=\"module_column tb-column col-full first tb_xjkz914 tf_box\">\n\t    \t    \t        <div class=\"tb-column-inner tf_box tf_w\">\n\t\t    <!-- module image -->\n<div  class=\"module module-image tb_b046876 rounded quarto-lista-img image-overlay tf_mw\" data-lazy=\"1\">\n        <div class=\"image-wrap tf_rel tf_mw\">\n\t\t    <a href=\"\/en\/rooms\/double-room\/\"\n\t       \t       >\n\t\t   \t\t<img loading=\"lazy\" width=\"1160\" height=\"621\" src=\"https:\/\/casadasaguarelas.pt\/wp-content\/uploads\/2020\/04\/quarto-duplo.jpg\" class=\"wp-post-image wp-image-146\" title=\"Double or Twin Room\" alt=\"Double or Twin Room\" srcset=\"https:\/\/casadasaguarelas.pt\/wp-content\/uploads\/2020\/04\/quarto-duplo.jpg 1160w, https:\/\/casadasaguarelas.pt\/wp-content\/uploads\/2020\/04\/quarto-duplo-300x161.jpg 300w, https:\/\/casadasaguarelas.pt\/wp-content\/uploads\/2020\/04\/quarto-duplo-1024x548.jpg 1024w, https:\/\/casadasaguarelas.pt\/wp-content\/uploads\/2020\/04\/quarto-duplo-768x411.jpg 768w\" sizes=\"(max-width: 1160px) 100vw, 1160px\" \/>\t    <\/a>\n\t\n\t\n    \t<div class=\"image-content\">\n\t    \t\t\t<h3 class=\"image-title\">\n\t\t\t\t\t\t\t\t\t<a href=\"\/en\/rooms\/double-room\/\" \n\t\t\t\t\t   \t\t\t\t\t   >\n\t\t\t\t\t\t   Double or Twin Room\t\t\t\t\t<\/a>\n\t\t\t\t\t\t\t<\/h3>\n\t    \n\t    \t<\/div>\n\t<!-- \/image-content -->\n    \t\t\t<\/div>\n\t\t<!-- \/image-wrap -->\n\t<\/div>\n<!-- \/module image --><!-- module plain text -->\n<div  class=\"module module-plain-text tb_ubh4770 \" data-lazy=\"1\">\n        <div class=\"tb_text_wrap\">\n\t<div class=\"quarto-lista-wrap\">\n\n<div class=\"quarto-lista-specs\">\n<span><img src=\"\/wp-content\/uploads\/2020\/04\/icon-guests.png\" alt=\"guests\">2 guests<\/span>\n<\/div>\n\n<div class=\"quarto-lista-desc\">\n<p>Ideal for two guests, overlooking Ericeira village and with the possibility to choose between one large double bed or two single beds.<\/p>\n<\/div>\n\n<div class=\"quarto-lista-btns\">\n<a href=\"\/en\/rooms\/double-room\/\" class=\"btn-ver-mais\">More info<\/a>\n<a href=\"https:\/\/securept2.e-gds.com\/casadasaguarelas?lang=en\" class=\"btn-reservar\"  target=\"_blank\">Book Now<\/a>\n<\/div>\n\n\n<\/div>    <\/div>\n<\/div>\n<!-- \/module plain text -->\t        <\/div>\n\t    \t<\/div>\n\t\t    <\/div>\n\t    <!-- \/row_inner -->\n\t<\/div>\n\t<!-- \/module_row -->\n\t\t<!-- module_row -->\n\t<div  data-lazy=\"1\" class=\"module_row themify_builder_row tb_7t1l45 tf_clearfix\" >\n\t    \t\t<div class=\"row_inner col_align_top tf_box tf_w tf_rel\">\n\t\t\t<div  data-lazy=\"1\" class=\"module_column tb-column col-full first tb_nu7046 tf_box\">\n\t    \t    \t        <div class=\"tb-column-inner tf_box tf_w\">\n\t\t    <!-- module image -->\n<div  class=\"module module-image tb_3vlf47 rounded quarto-lista-img image-overlay tf_mw\" data-lazy=\"1\">\n        <div class=\"image-wrap tf_rel tf_mw\">\n\t\t    <a href=\"\/en\/rooms\/triple-room\"\n\t       \t       >\n\t\t   \t\t<img loading=\"lazy\" width=\"1160\" height=\"621\" src=\"https:\/\/casadasaguarelas.pt\/wp-content\/uploads\/2020\/04\/quarto-triplo.jpg\" class=\"wp-post-image wp-image-153\" title=\"Triple Room\" alt=\"Triple Room\" srcset=\"https:\/\/casadasaguarelas.pt\/wp-content\/uploads\/2020\/04\/quarto-triplo.jpg 1160w, https:\/\/casadasaguarelas.pt\/wp-content\/uploads\/2020\/04\/quarto-triplo-300x161.jpg 300w, https:\/\/casadasaguarelas.pt\/wp-content\/uploads\/2020\/04\/quarto-triplo-1024x548.jpg 1024w, https:\/\/casadasaguarelas.pt\/wp-content\/uploads\/2020\/04\/quarto-triplo-768x411.jpg 768w\" sizes=\"(max-width: 1160px) 100vw, 1160px\" \/>\t    <\/a>\n\t\n\t\n    \t<div class=\"image-content\">\n\t    \t\t\t<h3 class=\"image-title\">\n\t\t\t\t\t\t\t\t\t<a href=\"\/en\/rooms\/triple-room\" \n\t\t\t\t\t   \t\t\t\t\t   >\n\t\t\t\t\t\t   Triple Room\t\t\t\t\t<\/a>\n\t\t\t\t\t\t\t<\/h3>\n\t    \n\t    \t<\/div>\n\t<!-- \/image-content -->\n    \t\t\t<\/div>\n\t\t<!-- \/image-wrap -->\n\t<\/div>\n<!-- \/module image --><!-- module plain text -->\n<div  class=\"module module-plain-text tb_gnco48 \" data-lazy=\"1\">\n        <div class=\"tb_text_wrap\">\n\t<div class=\"quarto-lista-wrap\">\n\n<div class=\"quarto-lista-specs\">\n<span><img src=\/wp-content\/uploads\/2020\/04\/icon-guests.png\" alt=\"guests\">3 guests<\/span>\n<\/div>\n\n<div class=\"quarto-lista-desc\">\n<p>Designed to accommodate three guests, this typology has a large double bed and a\nsingle bed, perfect for small families.<\/p>\n<\/div>\n\n<div class=\"quarto-lista-btns\">\n<a href=\"\/en\/rooms\/triple-room\/\" class=\"btn-ver-mais\">More info<\/a>\n<a href=\"https:\/\/securept2.e-gds.com\/casadasaguarelas?lang=en\" class=\"btn-reservar\"  target=\"_blank\">Book Now<\/a>\n<\/div>\n\n\n<\/div>    <\/div>\n<\/div>\n<!-- \/module plain text -->\t        <\/div>\n\t    \t<\/div>\n\t\t    <\/div>\n\t    <!-- \/row_inner -->\n\t<\/div>\n\t<!-- \/module_row -->\n\t\t<!-- module_row -->\n\t<div  data-lazy=\"1\" class=\"module_row themify_builder_row tb_rkrm244 tf_clearfix\" >\n\t    \t\t<div class=\"row_inner col_align_top tf_box tf_w tf_rel\">\n\t\t\t<div  data-lazy=\"1\" class=\"module_column tb-column col-full first tb_qaov245 tf_box\">\n\t    \t    \t        <div class=\"tb-column-inner tf_box tf_w\">\n\t\t    <!-- module image -->\n<div  class=\"module module-image tb_m7d6246 rounded quarto-lista-img image-overlay tf_mw\" data-lazy=\"1\">\n        <div class=\"image-wrap tf_rel tf_mw\">\n\t\t    <a href=\"\/en\/rooms\/family-room\"\n\t       \t       >\n\t\t   \t\t<img loading=\"lazy\" width=\"1920\" height=\"1080\" src=\"https:\/\/casadasaguarelas.pt\/wp-content\/uploads\/2021\/10\/quarto-familiar-1.jpg\" class=\"wp-post-image wp-image-2327\" title=\"Family Room \" alt=\"Family Room \" srcset=\"https:\/\/casadasaguarelas.pt\/wp-content\/uploads\/2021\/10\/quarto-familiar-1.jpg 1920w, https:\/\/casadasaguarelas.pt\/wp-content\/uploads\/2021\/10\/quarto-familiar-1-300x169.jpg 300w, https:\/\/casadasaguarelas.pt\/wp-content\/uploads\/2021\/10\/quarto-familiar-1-1024x576.jpg 1024w, https:\/\/casadasaguarelas.pt\/wp-content\/uploads\/2021\/10\/quarto-familiar-1-768x432.jpg 768w, https:\/\/casadasaguarelas.pt\/wp-content\/uploads\/2021\/10\/quarto-familiar-1-1536x864.jpg 1536w\" sizes=\"(max-width: 1920px) 100vw, 1920px\" \/>\t    <\/a>\n\t\n\t\n    \t<div class=\"image-content\">\n\t    \t\t\t<h3 class=\"image-title\">\n\t\t\t\t\t\t\t\t\t<a href=\"\/en\/rooms\/family-room\" \n\t\t\t\t\t   \t\t\t\t\t   >\n\t\t\t\t\t\t   Family Room \t\t\t\t\t<\/a>\n\t\t\t\t\t\t\t<\/h3>\n\t    \n\t    \t<\/div>\n\t<!-- \/image-content -->\n    \t\t\t<\/div>\n\t\t<!-- \/image-wrap -->\n\t<\/div>\n<!-- \/module image --><!-- module plain text -->\n<div  class=\"module module-plain-text tb_fsna246 \" data-lazy=\"1\">\n        <div class=\"tb_text_wrap\">\n\t<div class=\"quarto-lista-wrap\">\n\n<div class=\"quarto-lista-specs\">\n<span><img src=\"\/wp-content\/uploads\/2020\/04\/icon-guests.png\" alt=\"guests\">4 guests<\/span>\n<\/div>\n\n<div class=\"quarto-lista-desc\">\n<p>The perfect solution for four guests, with the possibility to choose between one large double bed and two single beds.<\/p>\n<\/div>\n\n<div class=\"quarto-lista-btns\">\n<a href=\"\/en\/rooms\/family-room\" class=\"btn-ver-mais\">More info<\/a>\n<a href=\"https:\/\/securept2.e-gds.com\/casadasaguarelas?lang=en\" class=\"btn-reservar\"  target=\"_blank\">Book Now<\/a>\n<\/div>\n\n\n<\/div>    <\/div>\n<\/div>\n<!-- \/module plain text -->\t        <\/div>\n\t    \t<\/div>\n\t\t    <\/div>\n\t    <!-- \/row_inner -->\n\t<\/div>\n\t<!-- \/module_row -->\n\t\t<!-- module_row -->\n\t<div  data-lazy=\"1\" class=\"module_row themify_builder_row tb_9474269 tf_clearfix\" >\n\t    \t\t<div class=\"row_inner col_align_top tf_box tf_w tf_rel\">\n\t\t\t<div  data-lazy=\"1\" class=\"module_column tb-column col-full first tb_kidl270 tf_box\">\n\t    \t    \t        <div class=\"tb-column-inner tf_box tf_w\">\n\t\t    <!-- module image -->\n<div  class=\"module module-image tb_oq4w270 rounded quarto-lista-img image-overlay tf_mw\" data-lazy=\"1\">\n        <div class=\"image-wrap tf_rel tf_mw\">\n\t\t    <a href=\"\/en\/rooms\/economy-triple-room\"\n\t       \t       >\n\t\t   \t\t<img loading=\"lazy\" width=\"1160\" height=\"621\" src=\"https:\/\/casadasaguarelas.pt\/wp-content\/uploads\/2025\/07\/quarto-triplo-eco-min.jpg\" class=\"wp-post-image wp-image-3609\" title=\"Economy Triple Room\" alt=\"Economy Triple Room \" srcset=\"https:\/\/casadasaguarelas.pt\/wp-content\/uploads\/2025\/07\/quarto-triplo-eco-min.jpg 1160w, https:\/\/casadasaguarelas.pt\/wp-content\/uploads\/2025\/07\/quarto-triplo-eco-min-300x161.jpg 300w, https:\/\/casadasaguarelas.pt\/wp-content\/uploads\/2025\/07\/quarto-triplo-eco-min-1024x548.jpg 1024w, https:\/\/casadasaguarelas.pt\/wp-content\/uploads\/2025\/07\/quarto-triplo-eco-min-768x411.jpg 768w\" sizes=\"(max-width: 1160px) 100vw, 1160px\" \/>\t    <\/a>\n\t\n\t\n    \t<div class=\"image-content\">\n\t    \t\t\t<h3 class=\"image-title\">\n\t\t\t\t\t\t\t\t\t<a href=\"\/en\/rooms\/economy-triple-room\" \n\t\t\t\t\t   \t\t\t\t\t   >\n\t\t\t\t\t\t   Economy Triple Room\t\t\t\t\t<\/a>\n\t\t\t\t\t\t\t<\/h3>\n\t    \n\t    \t<\/div>\n\t<!-- \/image-content -->\n    \t\t\t<\/div>\n\t\t<!-- \/image-wrap -->\n\t<\/div>\n<!-- \/module image --><!-- module plain text -->\n<div  class=\"module module-plain-text tb_dsf3270 \" data-lazy=\"1\">\n        <div class=\"tb_text_wrap\">\n\t<div class=\"quarto-lista-wrap\">\n\n<div class=\"quarto-lista-specs\">\n<span><img src=\"\/wp-content\/uploads\/2020\/04\/icon-guests.png\" alt=\"guests\">3 guests<\/span>\n<\/div>\n\n<div class=\"quarto-lista-desc\">\n<p>This room features three single beds and all the facilities at Casa das Aguarelas. Ideal\nfor friends or families.<\/p>\n<\/div>\n\n<div class=\"quarto-lista-btns\">\n<a href=\"\/en\/rooms\/economy-triple-room\" class=\"btn-ver-mais\">More info<\/a>\n<a href=\"https:\/\/securept2.e-gds.com\/casadasaguarelas?lang=en\" class=\"btn-reservar\"  target=\"_blank\">Book Now<\/a>\n<\/div>\n\n\n<\/div>    <\/div>\n<\/div>\n<!-- \/module plain text -->\t        <\/div>\n\t    \t<\/div>\n\t\t    <\/div>\n\t    <!-- \/row_inner -->\n\t<\/div>\n\t<!-- \/module_row -->\n\t<\/div>\n<!--\/themify_builder_content-->","protected":false},"excerpt":{"rendered":"","protected":false},"author":1,"featured_media":0,"parent":0,"menu_order":0,"comment_status":"closed","ping_status":"closed","template":"","meta":[],"yoast_head":"<!-- This site is optimized with the Yoast SEO plugin v19.3 - https:\/\/yoast.com\/wordpress\/plugins\/seo\/ -->\n<title>Rooms - Casa das Aguarelas Ericeira<\/title>\n<meta name=\"description\" content=\"All rooms for rent at Casa das Aguarelas are brightly decorated with white walls and wooden panels and floors.\" \/>\n<meta name=\"robots\" content=\"index, follow, max-snippet:-1, max-image-preview:large, max-video-preview:-1\" \/>\n<link rel=\"canonical\" href=\"https:\/\/casadasaguarelas.pt\/en\/rooms\/\" \/>\n<meta property=\"og:locale\" content=\"en_US\" \/>\n<meta property=\"og:type\" content=\"article\" \/>\n<meta property=\"og:title\" content=\"Rooms - Casa das Aguarelas Ericeira\" \/>\n<meta property=\"og:description\" content=\"All rooms for rent at Casa das Aguarelas are brightly decorated with white walls and wooden panels and floors.\" \/>\n<meta property=\"og:url\" content=\"https:\/\/casadasaguarelas.pt\/en\/rooms\/\" \/>\n<meta property=\"og:site_name\" content=\"Casa das Aguarelas Ericeira\" \/>\n<meta property=\"article:modified_time\" content=\"2025-07-04T15:27:30+00:00\" \/>\n<meta property=\"og:image\" content=\"https:\/\/casadasaguarelas.pt\/wp-content\/uploads\/2020\/04\/banner-quartos.jpg\" \/>\n\t<meta property=\"og:image:width\" content=\"1920\" \/>\n\t<meta property=\"og:image:height\" content=\"723\" \/>\n\t<meta property=\"og:image:type\" content=\"image\/jpeg\" \/>\n<meta name=\"twitter:card\" content=\"summary_large_image\" \/>\n<script type=\"application\/ld+json\" class=\"yoast-schema-graph\">{\"@context\":\"https:\/\/schema.org\",\"@graph\":[{\"@type\":\"Organization\",\"@id\":\"https:\/\/casadasaguarelas.pt\/#organization\",\"name\":\"Casa das Aguarelas\",\"url\":\"https:\/\/casadasaguarelas.pt\/\",\"sameAs\":[\"https:\/\/www.instagram.com\/casadasaguarelas\/\"],\"logo\":{\"@type\":\"ImageObject\",\"inLanguage\":\"en-US\",\"@id\":\"https:\/\/casadasaguarelas.pt\/#\/schema\/logo\/image\/\",\"url\":\"https:\/\/casadasaguarelas.pt\/wp-content\/uploads\/2020\/04\/casa-das-aguarelas-logo.png\",\"contentUrl\":\"https:\/\/casadasaguarelas.pt\/wp-content\/uploads\/2020\/04\/casa-das-aguarelas-logo.png\",\"width\":300,\"height\":71,\"caption\":\"Casa das Aguarelas\"},\"image\":{\"@id\":\"https:\/\/casadasaguarelas.pt\/#\/schema\/logo\/image\/\"}},{\"@type\":\"WebSite\",\"@id\":\"https:\/\/casadasaguarelas.pt\/#website\",\"url\":\"https:\/\/casadasaguarelas.pt\/\",\"name\":\"Casa das Aguarelas Ericeira\",\"description\":\"A Casa das Aguarelas \u00e9 um espa\u00e7o charmoso, inspirado por elementos naturais que combinam a frescura do mar e o calor apraz\u00edvel da natureza.\",\"publisher\":{\"@id\":\"https:\/\/casadasaguarelas.pt\/#organization\"},\"potentialAction\":[{\"@type\":\"SearchAction\",\"target\":{\"@type\":\"EntryPoint\",\"urlTemplate\":\"https:\/\/casadasaguarelas.pt\/?s={search_term_string}\"},\"query-input\":\"required name=search_term_string\"}],\"inLanguage\":\"en-US\"},{\"@type\":\"WebPage\",\"@id\":\"https:\/\/casadasaguarelas.pt\/en\/rooms\/\",\"url\":\"https:\/\/casadasaguarelas.pt\/en\/rooms\/\",\"name\":\"Rooms - Casa das Aguarelas Ericeira\",\"isPartOf\":{\"@id\":\"https:\/\/casadasaguarelas.pt\/#website\"},\"datePublished\":\"2020-04-08T15:06:35+00:00\",\"dateModified\":\"2025-07-04T15:27:30+00:00\",\"description\":\"All rooms for rent at Casa das Aguarelas are brightly decorated with white walls and wooden panels and floors.\",\"breadcrumb\":{\"@id\":\"https:\/\/casadasaguarelas.pt\/en\/rooms\/#breadcrumb\"},\"inLanguage\":\"en-US\",\"potentialAction\":[{\"@type\":\"ReadAction\",\"target\":[\"https:\/\/casadasaguarelas.pt\/en\/rooms\/\"]}]},{\"@type\":\"BreadcrumbList\",\"@id\":\"https:\/\/casadasaguarelas.pt\/en\/rooms\/#breadcrumb\",\"itemListElement\":[{\"@type\":\"ListItem\",\"position\":1,\"name\":\"In\u00edcio\",\"item\":\"https:\/\/casadasaguarelas.pt\/en\/\"},{\"@type\":\"ListItem\",\"position\":2,\"name\":\"Rooms\"}]}]}<\/script>\n<!-- \/ Yoast SEO plugin. -->","yoast_head_json":{"title":"Rooms - Casa das Aguarelas Ericeira","description":"All rooms for rent at Casa das Aguarelas are brightly decorated with white walls and wooden panels and floors.","robots":{"index":"index","follow":"follow","max-snippet":"max-snippet:-1","max-image-preview":"max-image-preview:large","max-video-preview":"max-video-preview:-1"},"canonical":"https:\/\/casadasaguarelas.pt\/en\/rooms\/","og_locale":"en_US","og_type":"article","og_title":"Rooms - Casa das Aguarelas Ericeira","og_description":"All rooms for rent at Casa das Aguarelas are brightly decorated with white walls and wooden panels and floors.","og_url":"https:\/\/casadasaguarelas.pt\/en\/rooms\/","og_site_name":"Casa das Aguarelas Ericeira","article_modified_time":"2025-07-04T15:27:30+00:00","og_image":[{"width":1920,"height":723,"url":"https:\/\/casadasaguarelas.pt\/wp-content\/uploads\/2020\/04\/banner-quartos.jpg","type":"image\/jpeg"}],"twitter_card":"summary_large_image","schema":{"@context":"https:\/\/schema.org","@graph":[{"@type":"Organization","@id":"https:\/\/casadasaguarelas.pt\/#organization","name":"Casa das Aguarelas","url":"https:\/\/casadasaguarelas.pt\/","sameAs":["https:\/\/www.instagram.com\/casadasaguarelas\/"],"logo":{"@type":"ImageObject","inLanguage":"en-US","@id":"https:\/\/casadasaguarelas.pt\/#\/schema\/logo\/image\/","url":"https:\/\/casadasaguarelas.pt\/wp-content\/uploads\/2020\/04\/casa-das-aguarelas-logo.png","contentUrl":"https:\/\/casadasaguarelas.pt\/wp-content\/uploads\/2020\/04\/casa-das-aguarelas-logo.png","width":300,"height":71,"caption":"Casa das Aguarelas"},"image":{"@id":"https:\/\/casadasaguarelas.pt\/#\/schema\/logo\/image\/"}},{"@type":"WebSite","@id":"https:\/\/casadasaguarelas.pt\/#website","url":"https:\/\/casadasaguarelas.pt\/","name":"Casa das Aguarelas Ericeira","description":"A Casa das Aguarelas \u00e9 um espa\u00e7o charmoso, inspirado por elementos naturais que combinam a frescura do mar e o calor apraz\u00edvel da natureza.","publisher":{"@id":"https:\/\/casadasaguarelas.pt\/#organization"},"potentialAction":[{"@type":"SearchAction","target":{"@type":"EntryPoint","urlTemplate":"https:\/\/casadasaguarelas.pt\/?s={search_term_string}"},"query-input":"required name=search_term_string"}],"inLanguage":"en-US"},{"@type":"WebPage","@id":"https:\/\/casadasaguarelas.pt\/en\/rooms\/","url":"https:\/\/casadasaguarelas.pt\/en\/rooms\/","name":"Rooms - Casa das Aguarelas Ericeira","isPartOf":{"@id":"https:\/\/casadasaguarelas.pt\/#website"},"datePublished":"2020-04-08T15:06:35+00:00","dateModified":"2025-07-04T15:27:30+00:00","description":"All rooms for rent at Casa das Aguarelas are brightly decorated with white walls and wooden panels and floors.","breadcrumb":{"@id":"https:\/\/casadasaguarelas.pt\/en\/rooms\/#breadcrumb"},"inLanguage":"en-US","potentialAction":[{"@type":"ReadAction","target":["https:\/\/casadasaguarelas.pt\/en\/rooms\/"]}]},{"@type":"BreadcrumbList","@id":"https:\/\/casadasaguarelas.pt\/en\/rooms\/#breadcrumb","itemListElement":[{"@type":"ListItem","position":1,"name":"In\u00edcio","item":"https:\/\/casadasaguarelas.pt\/en\/"},{"@type":"ListItem","position":2,"name":"Rooms"}]}]}},"builder_content":"<h1>Rooms<br\/><\/h1>\n<p>All rooms at Casa das Aguarelas are brightly decorated with white walls and\nwooden panels and floors. They all include a flat-screen TV and a modern\nprivate bathroom. Wi-Fi is free.<\/p>\n<p>Some of the rooms have kitchen support, fridge and microwave for preparing basic meals and snacks. There are several restaurants, cafes and bars within 200meters and the supermarket is just 300meters away.<\/p>\n<a href=\"\/en\/rooms\/double-room\/\" > <img loading=\"lazy\" width=\"1160\" height=\"621\" src=\"https:\/\/casadasaguarelas.pt\/wp-content\/uploads\/2020\/04\/quarto-duplo.jpg\" title=\"Double or Twin Room\" alt=\"Double or Twin Room\" srcset=\"https:\/\/casadasaguarelas.pt\/wp-content\/uploads\/2020\/04\/quarto-duplo.jpg 1160w, https:\/\/casadasaguarelas.pt\/wp-content\/uploads\/2020\/04\/quarto-duplo-300x161.jpg 300w, https:\/\/casadasaguarelas.pt\/wp-content\/uploads\/2020\/04\/quarto-duplo-1024x548.jpg 1024w, https:\/\/casadasaguarelas.pt\/wp-content\/uploads\/2020\/04\/quarto-duplo-768x411.jpg 768w\" sizes=\"(max-width: 1160px) 100vw, 1160px\" \/> <\/a> <h3> <a href=\"\/en\/rooms\/double-room\/\" > Double or Twin Room <\/a> <\/h3>\n<img src=\"\/wp-content\/uploads\/2020\/04\/icon-guests.png\" alt=\"guests\">2 guests\n<p>Ideal for two guests, overlooking Ericeira village and with the possibility to choose between one large double bed or two single beds.<\/p>\n<a href=\"\/en\/rooms\/double-room\/\">More info<\/a> <a href=\"https:\/\/securept2.e-gds.com\/casadasaguarelas?lang=en\" target=\"_blank\">Book Now<\/a>\n<a href=\"\/en\/rooms\/triple-room\" > <img loading=\"lazy\" width=\"1160\" height=\"621\" src=\"https:\/\/casadasaguarelas.pt\/wp-content\/uploads\/2020\/04\/quarto-triplo.jpg\" title=\"Triple Room\" alt=\"Triple Room\" srcset=\"https:\/\/casadasaguarelas.pt\/wp-content\/uploads\/2020\/04\/quarto-triplo.jpg 1160w, https:\/\/casadasaguarelas.pt\/wp-content\/uploads\/2020\/04\/quarto-triplo-300x161.jpg 300w, https:\/\/casadasaguarelas.pt\/wp-content\/uploads\/2020\/04\/quarto-triplo-1024x548.jpg 1024w, https:\/\/casadasaguarelas.pt\/wp-content\/uploads\/2020\/04\/quarto-triplo-768x411.jpg 768w\" sizes=\"(max-width: 1160px) 100vw, 1160px\" \/> <\/a> <h3> <a href=\"\/en\/rooms\/triple-room\" > Triple Room <\/a> <\/h3>\n<img src=\/wp-content\/uploads\/2020\/04\/icon-guests.png\" alt=\"guests\">3 guests\n<p>Designed to accommodate three guests, this typology has a large double bed and a single bed, perfect for small families.<\/p>\n<a href=\"\/en\/rooms\/triple-room\/\">More info<\/a> <a href=\"https:\/\/securept2.e-gds.com\/casadasaguarelas?lang=en\" target=\"_blank\">Book Now<\/a>\n<a href=\"\/en\/rooms\/family-room\" > <img loading=\"lazy\" width=\"1920\" height=\"1080\" src=\"https:\/\/casadasaguarelas.pt\/wp-content\/uploads\/2021\/10\/quarto-familiar-1.jpg\" title=\"Family Room \" alt=\"Family Room \" srcset=\"https:\/\/casadasaguarelas.pt\/wp-content\/uploads\/2021\/10\/quarto-familiar-1.jpg 1920w, https:\/\/casadasaguarelas.pt\/wp-content\/uploads\/2021\/10\/quarto-familiar-1-300x169.jpg 300w, https:\/\/casadasaguarelas.pt\/wp-content\/uploads\/2021\/10\/quarto-familiar-1-1024x576.jpg 1024w, https:\/\/casadasaguarelas.pt\/wp-content\/uploads\/2021\/10\/quarto-familiar-1-768x432.jpg 768w, https:\/\/casadasaguarelas.pt\/wp-content\/uploads\/2021\/10\/quarto-familiar-1-1536x864.jpg 1536w\" sizes=\"(max-width: 1920px) 100vw, 1920px\" \/> <\/a> <h3> <a href=\"\/en\/rooms\/family-room\" > Family Room <\/a> <\/h3>\n<img src=\"\/wp-content\/uploads\/2020\/04\/icon-guests.png\" alt=\"guests\">4 guests\n<p>The perfect solution for four guests, with the possibility to choose between one large double bed and two single beds.<\/p>\n<a href=\"\/en\/rooms\/family-room\">More info<\/a> <a href=\"https:\/\/securept2.e-gds.com\/casadasaguarelas?lang=en\" target=\"_blank\">Book Now<\/a>\n<a href=\"\/en\/rooms\/economy-triple-room\" > <img loading=\"lazy\" width=\"1160\" height=\"621\" src=\"https:\/\/casadasaguarelas.pt\/wp-content\/uploads\/2025\/07\/quarto-triplo-eco-min.jpg\" title=\"Economy Triple Room\" alt=\"Economy Triple Room \" srcset=\"https:\/\/casadasaguarelas.pt\/wp-content\/uploads\/2025\/07\/quarto-triplo-eco-min.jpg 1160w, https:\/\/casadasaguarelas.pt\/wp-content\/uploads\/2025\/07\/quarto-triplo-eco-min-300x161.jpg 300w, https:\/\/casadasaguarelas.pt\/wp-content\/uploads\/2025\/07\/quarto-triplo-eco-min-1024x548.jpg 1024w, https:\/\/casadasaguarelas.pt\/wp-content\/uploads\/2025\/07\/quarto-triplo-eco-min-768x411.jpg 768w\" sizes=\"(max-width: 1160px) 100vw, 1160px\" \/> <\/a> <h3> <a href=\"\/en\/rooms\/economy-triple-room\" > Economy Triple Room <\/a> <\/h3>\n<img src=\"\/wp-content\/uploads\/2020\/04\/icon-guests.png\" alt=\"guests\">3 guests\n<p>This room features three single beds and all the facilities at Casa das Aguarelas. Ideal for friends or families.<\/p>\n<a href=\"\/en\/rooms\/economy-triple-room\">More info<\/a> <a href=\"https:\/\/securept2.e-gds.com\/casadasaguarelas?lang=en\" target=\"_blank\">Book Now<\/a>","post_mailing_queue_ids":[],"_links":{"self":[{"href":"https:\/\/casadasaguarelas.pt\/en\/wp-json\/wp\/v2\/pages\/990"}],"collection":[{"href":"https:\/\/casadasaguarelas.pt\/en\/wp-json\/wp\/v2\/pages"}],"about":[{"href":"https:\/\/casadasaguarelas.pt\/en\/wp-json\/wp\/v2\/types\/page"}],"author":[{"embeddable":true,"href":"https:\/\/casadasaguarelas.pt\/en\/wp-json\/wp\/v2\/users\/1"}],"replies":[{"embeddable":true,"href":"https:\/\/casadasaguarelas.pt\/en\/wp-json\/wp\/v2\/comments?post=990"}],"version-history":[{"count":18,"href":"https:\/\/casadasaguarelas.pt\/en\/wp-json\/wp\/v2\/pages\/990\/revisions"}],"predecessor-version":[{"id":3622,"href":"https:\/\/casadasaguarelas.pt\/en\/wp-json\/wp\/v2\/pages\/990\/revisions\/3622"}],"wp:attachment":[{"href":"https:\/\/casadasaguarelas.pt\/en\/wp-json\/wp\/v2\/media?parent=990"}],"curies":[{"name":"wp","href":"https:\/\/api.w.org\/{rel}","templated":true}]}}